{"id":9,"date":"2025-05-28T10:14:12","date_gmt":"2025-05-28T08:14:12","guid":{"rendered":"https:\/\/lukasztest.moznainaczej.net\/?page_id=9"},"modified":"2025-05-28T10:14:12","modified_gmt":"2025-05-28T08:14:12","slug":"blad-transakcji","status":"publish","type":"page","link":"https:\/\/lukasztest.moznainaczej.net\/?page_id=9","title":{"rendered":"B\u0142\u0105d transakcji"},"content":{"rendered":"<p>Twoja transakcja si\u0119 nie powiod\u0142a. Spr\u00f3buj jeszcze raz lub skontaktuj si\u0119 z nami.<\/p>\n","protected":false},"excerpt":{"rendered":"<p>Twoja transakcja si\u0119 nie powiod\u0142a. Spr\u00f3buj jeszcze raz lub skontaktuj si\u0119 z nami.<\/p>\n","protected":false},"author":1,"featured_media":0,"parent":0,"menu_order":0,"comment_status":"closed","ping_status":"closed","template":"","meta":{"footnotes":""},"class_list":["post-9","page","type-page","status-publish","hentry"],"_links":{"self":[{"href":"https:\/\/lukasztest.moznainaczej.net\/index.php?rest_route=\/wp\/v2\/pages\/9","targetHints":{"allow":["GET"]}}],"collection":[{"href":"https:\/\/lukasztest.moznainaczej.net\/index.php?rest_route=\/wp\/v2\/pages"}],"about":[{"href":"https:\/\/lukasztest.moznainaczej.net\/index.php?rest_route=\/wp\/v2\/types\/page"}],"author":[{"embeddable":true,"href":"https:\/\/lukasztest.moznainaczej.net\/index.php?rest_route=\/wp\/v2\/users\/1"}],"replies":[{"embeddable":true,"href":"https:\/\/lukasztest.moznainaczej.net\/index.php?rest_route=%2Fwp%2Fv2%2Fcomments&post=9"}],"version-history":[{"count":1,"href":"https:\/\/lukasztest.moznainaczej.net\/index.php?rest_route=\/wp\/v2\/pages\/9\/revisions"}],"predecessor-version":[{"id":13,"href":"https:\/\/lukasztest.moznainaczej.net\/index.php?rest_route=\/wp\/v2\/pages\/9\/revisions\/13"}],"wp:attachment":[{"href":"https:\/\/lukasztest.moznainaczej.net\/index.php?rest_route=%2Fwp%2Fv2%2Fmedia&parent=9"}],"curies":[{"name":"wp","href":"https:\/\/api.w.org\/{rel}","templated":true}]}}